{"id":32,"date":"2026-03-22T09:03:39","date_gmt":"2026-03-22T09:03:39","guid":{"rendered":"https:\/\/ebosc.es\/?page_id=32"},"modified":"2026-03-22T12:39:59","modified_gmt":"2026-03-22T12:39:59","slug":"32-2","status":"publish","type":"page","link":"https:\/\/ebosc.es\/","title":{"rendered":""},"content":{"rendered":"\n<p><code><div class=\"ebosc63-frontend ebosc63-access-wrap\">\n\t<div class=\"ebosc63-access-card\">\n\t\t<div class=\"ebosc63-access-logo\">\n\t\t\t<svg viewBox=\"0 0 40 40\" xmlns=\"http:\/\/www.w3.org\/2000\/svg\" width=\"48\" height=\"48\"><circle cx=\"20\" cy=\"20\" r=\"20\" fill=\"#0F3C20\"\/><text x=\"50%\" y=\"56%\" text-anchor=\"middle\" fill=\"#fff\" font-size=\"16\" font-family=\"sans-serif\" dy=\".1em\">\ud83d\udd11<\/text><\/svg>\n\t\t<\/div>\n\t\t<h2 class=\"ebosc63-access-title\">\u00c1rea de vecinos<\/h2>\n\t\t<p class=\"ebosc63-access-intro\">Bienvenido al sistema de gesti\u00f3n de incidencias y solicitudes de la comunidad de propietarios. Introduzca su c\u00f3digo de vecino para acceder.<\/p>\n\n\t\t<div id=\"ebosc63-access-msg\" class=\"ebosc63-notice\" style=\"display:none\"><\/div>\n\n\t\t<form id=\"ebosc63-access-form\" novalidate>\n\t\t\t<!-- Paso 1: C\u00f3digo -->\n\t\t\t<div id=\"eb-step-code\" class=\"ebosc63-field\">\n\t\t\t\t<label for=\"ebosc63-codigo\">C\u00f3digo de vecino<\/label>\n\t\t\t\t<input type=\"text\" id=\"ebosc63-codigo\" name=\"codigo\" maxlength=\"20\" autocomplete=\"off\" placeholder=\"Introduzca su c\u00f3digo\" required>\n\t\t\t\t<p class=\"ebosc63-field-hint\">El c\u00f3digo se lo facilit\u00f3 la administraci\u00f3n de la comunidad al darse de alta.<\/p>\n\t\t\t<\/div>\n\n\t\t\t<!-- Paso 2: Asociaci\u00f3n de Email (Onboarding) -->\n\t\t\t<div id=\"eb-step-email\" class=\"ebosc63-field\" style=\"display:none;\">\n\t\t\t\t<label for=\"ebosc63-onboard-email\">Correo Electr\u00f3nico<\/label>\n\t\t\t\t<input type=\"email\" id=\"ebosc63-onboard-email\" name=\"email\" maxlength=\"100\" autocomplete=\"email\" placeholder=\"ejemplo@correo.com\">\n\t\t\t\t<p class=\"ebosc63-field-hint\">Por seguridad, debes asociar un correo electr\u00f3nico a tu cuenta forzosamente.<\/p>\n\t\t\t<\/div>\n\n\t\t\t<!-- Paso 3: Verificaci\u00f3n OTP 2FA -->\n\t\t\t<div id=\"eb-step-otp\" class=\"ebosc63-field\" style=\"display:none;\">\n\t\t\t\t<label for=\"ebosc63-otp\">C\u00f3digo de Verificaci\u00f3n<\/label>\n\t\t\t\t<input type=\"text\" id=\"ebosc63-otp\" name=\"otp\" maxlength=\"6\" autocomplete=\"one-time-code\" placeholder=\"123456\" style=\"text-align:center; font-size:1.5em; letter-spacing:4px; font-weight: bold;\">\n\t\t\t\t<p class=\"ebosc63-field-hint\">Te hemos enviado un PIN \u00fanico de 6 d\u00edgitos v\u00e1lido por 5 minutos.<\/p>\n\t\t\t<\/div>\n\n\t\t\t<button type=\"submit\" class=\"ebosc63-btn ebosc63-btn-primary ebosc63-btn-full\" id=\"ebosc63-access-submit\">\n\t\t\t\tAcceder\t\t\t<\/button>\n\t\t<\/form>\n\t<\/div>\n<\/div>\n<\/code><\/p>\n\n\n\n<div class=\"wp-block-group alignfull has-background-color has-global-padding is-layout-constrained wp-container-core-group-is-layout-5d2f8bdc wp-block-group-is-layout-constrained\" style=\"margin-top:0;margin-bottom:0;padding-top:var(--wp--preset--spacing--40);padding-right:var(--wp--preset--spacing--30);padding-bottom:var(--wp--preset--spacing--40);padding-left:var(--wp--preset--spacing--30)\">\n<div class=\"wp-block-group alignwide is-vertical is-content-justification-center is-layout-flex wp-container-core-group-is-layout-ce155fab wp-block-group-is-layout-flex\">\n<div class=\"wp-block-group is-layout-flex wp-block-group-is-layout-flex\"><\/div>\n\n\n\n<p class=\"has-small-font-size\"><a href=\"https:\/\/ebosc.es\/?page_id=36\" data-type=\"page\" data-id=\"36\">Aviso Legal, Privacidad y T\u00e9rminos y Condiciones<\/a><\/p>\n<\/div>\n<\/div>\n","protected":false},"excerpt":{"rendered":"<p>Aviso Legal, Privacidad y T\u00e9rminos y Condiciones<\/p>\n","protected":false},"author":1,"featured_media":0,"parent":0,"menu_order":0,"comment_status":"closed","ping_status":"closed","template":"","meta":{"footnotes":""},"class_list":["post-32","page","type-page","status-publish","hentry"],"_links":{"self":[{"href":"https:\/\/ebosc.es\/index.php?rest_route=\/wp\/v2\/pages\/32","targetHints":{"allow":["GET"]}}],"collection":[{"href":"https:\/\/ebosc.es\/index.php?rest_route=\/wp\/v2\/pages"}],"about":[{"href":"https:\/\/ebosc.es\/index.php?rest_route=\/wp\/v2\/types\/page"}],"author":[{"embeddable":true,"href":"https:\/\/ebosc.es\/index.php?rest_route=\/wp\/v2\/users\/1"}],"replies":[{"embeddable":true,"href":"https:\/\/ebosc.es\/index.php?rest_route=%2Fwp%2Fv2%2Fcomments&post=32"}],"version-history":[{"count":3,"href":"https:\/\/ebosc.es\/index.php?rest_route=\/wp\/v2\/pages\/32\/revisions"}],"predecessor-version":[{"id":49,"href":"https:\/\/ebosc.es\/index.php?rest_route=\/wp\/v2\/pages\/32\/revisions\/49"}],"wp:attachment":[{"href":"https:\/\/ebosc.es\/index.php?rest_route=%2Fwp%2Fv2%2Fmedia&parent=32"}],"curies":[{"name":"wp","href":"https:\/\/api.w.org\/{rel}","templated":true}]}}